{"id":188,"date":"2023-11-07T17:50:06","date_gmt":"2023-11-07T16:50:06","guid":{"rendered":"https:\/\/daf.demo.supertusch.com\/?page_id=188"},"modified":"2024-03-01T12:06:46","modified_gmt":"2024-03-01T11:06:46","slug":"medlemskab-fordele","status":"publish","type":"page","link":"https:\/\/dafstaging.demo.supertusch.com\/en\/membership-benefits\/","title":{"rendered":"Membership &amp; benefits"},"content":{"rendered":"<p>Se hvordan du melder dig ind i Dansk Artist Forbund, bliv klogere vores mange medlemsfordele eller find en artist i vores artistbase.<\/p>\n<p>Som medlem af forbundet f\u00e5r du masser af fordele. Vi tilpasser l\u00f8bende vores medlemstilbud, s\u00e5 de passer til artisternes behov, samt hvordan arbejdsmarked og samfund udvikler sig. F\u00e5 et overblik her.<\/p>","protected":false},"excerpt":{"rendered":"<p>Find out how to join the Danish Artist Association, learn about our many membership benefits or find an artist in our artist database. As a member of the association, you get lots of benefits. We continuously adapt our membership offers to suit the needs of artists and how the labour market and society evolves. Get an overview here.<\/p>","protected":false},"author":1,"featured_media":0,"parent":0,"menu_order":0,"comment_status":"closed","ping_status":"closed","template":"page-normal.php","meta":{"_acf_changed":false,"footnotes":""},"class_list":["post-188","page","type-page","status-publish","hentry"],"acf":[],"yoast_head":"<!-- This site is optimized with the Yoast SEO plugin v25.1 - https:\/\/yoast.com\/wordpress\/plugins\/seo\/ -->\n<title>Medlemskab &amp; fordele - Dansk Artist Forbund<\/title>\n<meta name=\"robots\" content=\"noindex, follow, max-snippet:-1, max-image-preview:large, max-video-preview:-1\" \/>\n<meta property=\"og:locale\" content=\"en_GB\" \/>\n<meta property=\"og:type\" content=\"article\" \/>\n<meta property=\"og:title\" content=\"Medlemskab &amp; fordele - Dansk Artist Forbund\" \/>\n<meta property=\"og:description\" content=\"Se hvordan du melder dig ind i Dansk Artist Forbund, bliv klogere vores mange medlemsfordele eller find en artist i vores artistbase. Som medlem af forbundet f\u00e5r du masser af fordele. Vi tilpasser l\u00f8bende vores medlemstilbud, s\u00e5 de passer til artisternes behov, samt hvordan arbejdsmarked og samfund udvikler sig. F\u00e5 et overblik her.\" \/>\n<meta property=\"og:url\" content=\"https:\/\/dafstaging.demo.supertusch.com\/en\/membership-benefits\/\" \/>\n<meta property=\"og:site_name\" content=\"Dansk Artist Forbund\" \/>\n<meta property=\"article:modified_time\" content=\"2024-03-01T11:06:46+00:00\" \/>\n<meta name=\"twitter:card\" content=\"summary_large_image\" \/>\n<meta name=\"twitter:label1\" content=\"Estimated reading time\" \/>\n\t<meta name=\"twitter:data1\" content=\"1 minute\" \/>\n<script type=\"application\/ld+json\" class=\"yoast-schema-graph\">{\"@context\":\"https:\/\/schema.org\",\"@graph\":[{\"@type\":\"WebPage\",\"@id\":\"https:\/\/dafstaging.demo.supertusch.com\/medlemskab-fordele\/\",\"url\":\"https:\/\/dafstaging.demo.supertusch.com\/medlemskab-fordele\/\",\"name\":\"Medlemskab & fordele - Dansk Artist Forbund\",\"isPartOf\":{\"@id\":\"https:\/\/dafstaging.demo.supertusch.com\/#website\"},\"datePublished\":\"2023-11-07T16:50:06+00:00\",\"dateModified\":\"2024-03-01T11:06:46+00:00\",\"inLanguage\":\"en-GB\",\"potentialAction\":[{\"@type\":\"ReadAction\",\"target\":[\"https:\/\/dafstaging.demo.supertusch.com\/medlemskab-fordele\/\"]}]},{\"@type\":\"WebSite\",\"@id\":\"https:\/\/dafstaging.demo.supertusch.com\/#website\",\"url\":\"https:\/\/dafstaging.demo.supertusch.com\/\",\"name\":\"Dansk Artist Forbund\",\"description\":\"\",\"publisher\":{\"@id\":\"https:\/\/dafstaging.demo.supertusch.com\/#organization\"},\"potentialAction\":[{\"@type\":\"SearchAction\",\"target\":{\"@type\":\"EntryPoint\",\"urlTemplate\":\"https:\/\/dafstaging.demo.supertusch.com\/?s={search_term_string}\"},\"query-input\":{\"@type\":\"PropertyValueSpecification\",\"valueRequired\":true,\"valueName\":\"search_term_string\"}}],\"inLanguage\":\"en-GB\"},{\"@type\":\"Organization\",\"@id\":\"https:\/\/dafstaging.demo.supertusch.com\/#organization\",\"name\":\"Dansk Artist Forbund\",\"url\":\"https:\/\/dafstaging.demo.supertusch.com\/\",\"logo\":{\"@type\":\"ImageObject\",\"inLanguage\":\"en-GB\",\"@id\":\"https:\/\/dafstaging.demo.supertusch.com\/#\/schema\/logo\/image\/\",\"url\":\"https:\/\/dafstaging.demo.supertusch.com\/wp-content\/uploads\/2023\/10\/NAVNETRAEK_FOOTER.jpg\",\"contentUrl\":\"https:\/\/dafstaging.demo.supertusch.com\/wp-content\/uploads\/2023\/10\/NAVNETRAEK_FOOTER.jpg\",\"width\":148,\"height\":100,\"caption\":\"Dansk Artist Forbund\"},\"image\":{\"@id\":\"https:\/\/dafstaging.demo.supertusch.com\/#\/schema\/logo\/image\/\"}}]}<\/script>\n<!-- \/ Yoast SEO plugin. -->","yoast_head_json":{"title":"Medlemskab & fordele - Dansk Artist Forbund","robots":{"index":"noindex","follow":"follow","max-snippet":"max-snippet:-1","max-image-preview":"max-image-preview:large","max-video-preview":"max-video-preview:-1"},"og_locale":"en_GB","og_type":"article","og_title":"Medlemskab & fordele - Dansk Artist Forbund","og_description":"Se hvordan du melder dig ind i Dansk Artist Forbund, bliv klogere vores mange medlemsfordele eller find en artist i vores artistbase. Som medlem af forbundet f\u00e5r du masser af fordele. Vi tilpasser l\u00f8bende vores medlemstilbud, s\u00e5 de passer til artisternes behov, samt hvordan arbejdsmarked og samfund udvikler sig. F\u00e5 et overblik her.","og_url":"https:\/\/dafstaging.demo.supertusch.com\/en\/membership-benefits\/","og_site_name":"Dansk Artist Forbund","article_modified_time":"2024-03-01T11:06:46+00:00","twitter_card":"summary_large_image","twitter_misc":{"Estimated reading time":"1 minute"},"schema":{"@context":"https:\/\/schema.org","@graph":[{"@type":"WebPage","@id":"https:\/\/dafstaging.demo.supertusch.com\/medlemskab-fordele\/","url":"https:\/\/dafstaging.demo.supertusch.com\/medlemskab-fordele\/","name":"Medlemskab & fordele - Dansk Artist Forbund","isPartOf":{"@id":"https:\/\/dafstaging.demo.supertusch.com\/#website"},"datePublished":"2023-11-07T16:50:06+00:00","dateModified":"2024-03-01T11:06:46+00:00","inLanguage":"en-GB","potentialAction":[{"@type":"ReadAction","target":["https:\/\/dafstaging.demo.supertusch.com\/medlemskab-fordele\/"]}]},{"@type":"WebSite","@id":"https:\/\/dafstaging.demo.supertusch.com\/#website","url":"https:\/\/dafstaging.demo.supertusch.com\/","name":"Dansk Artist Forbund","description":"","publisher":{"@id":"https:\/\/dafstaging.demo.supertusch.com\/#organization"},"potentialAction":[{"@type":"SearchAction","target":{"@type":"EntryPoint","urlTemplate":"https:\/\/dafstaging.demo.supertusch.com\/?s={search_term_string}"},"query-input":{"@type":"PropertyValueSpecification","valueRequired":true,"valueName":"search_term_string"}}],"inLanguage":"en-GB"},{"@type":"Organization","@id":"https:\/\/dafstaging.demo.supertusch.com\/#organization","name":"Dansk Artist Forbund","url":"https:\/\/dafstaging.demo.supertusch.com\/","logo":{"@type":"ImageObject","inLanguage":"en-GB","@id":"https:\/\/dafstaging.demo.supertusch.com\/#\/schema\/logo\/image\/","url":"https:\/\/dafstaging.demo.supertusch.com\/wp-content\/uploads\/2023\/10\/NAVNETRAEK_FOOTER.jpg","contentUrl":"https:\/\/dafstaging.demo.supertusch.com\/wp-content\/uploads\/2023\/10\/NAVNETRAEK_FOOTER.jpg","width":148,"height":100,"caption":"Dansk Artist Forbund"},"image":{"@id":"https:\/\/dafstaging.demo.supertusch.com\/#\/schema\/logo\/image\/"}}]}},"_links":{"self":[{"href":"https:\/\/dafstaging.demo.supertusch.com\/en\/wp-json\/wp\/v2\/pages\/188","targetHints":{"allow":["GET"]}}],"collection":[{"href":"https:\/\/dafstaging.demo.supertusch.com\/en\/wp-json\/wp\/v2\/pages"}],"about":[{"href":"https:\/\/dafstaging.demo.supertusch.com\/en\/wp-json\/wp\/v2\/types\/page"}],"author":[{"embeddable":true,"href":"https:\/\/dafstaging.demo.supertusch.com\/en\/wp-json\/wp\/v2\/users\/1"}],"replies":[{"embeddable":true,"href":"https:\/\/dafstaging.demo.supertusch.com\/en\/wp-json\/wp\/v2\/comments?post=188"}],"version-history":[{"count":4,"href":"https:\/\/dafstaging.demo.supertusch.com\/en\/wp-json\/wp\/v2\/pages\/188\/revisions"}],"predecessor-version":[{"id":1239,"href":"https:\/\/dafstaging.demo.supertusch.com\/en\/wp-json\/wp\/v2\/pages\/188\/revisions\/1239"}],"wp:attachment":[{"href":"https:\/\/dafstaging.demo.supertusch.com\/en\/wp-json\/wp\/v2\/media?parent=188"}],"curies":[{"name":"wp","href":"https:\/\/api.w.org\/{rel}","templated":true}]}}