{"id":3,"date":"2023-10-13T07:32:50","date_gmt":"2023-10-13T07:32:50","guid":{"rendered":"https:\/\/daf.demo.supertusch.com\/?page_id=3"},"modified":"2023-10-17T09:24:01","modified_gmt":"2023-10-17T07:24:01","slug":"cookiepolitik","status":"publish","type":"page","link":"https:\/\/dafstaging.demo.supertusch.com\/en\/cookie-policy\/","title":{"rendered":"Cookie policy"},"content":{"rendered":"<p>The website artisten.dk is offered by:<\/p>\n<p>Danish Artist Association<br \/>\nDronningensgade 68<br \/>\n1420 Copenhagen K, Denmark<br \/>\nPhone 33 32 32 66 77<br \/>\nartisten@artisten.dk<\/p>\n<p>This website uses cookies to help give you the best experience we can. Cookies are small text files that are placed on your computer or mobile phone when you visit websites. There is no personal information stored in our cookies and they cannot contain viruses.<\/p>\n<p><strong>We use cookies for the following purposes<\/strong><\/p>\n<ul>\n<li>Improve your user experience and make advanced features work<\/li>\n<li>Improve the speed\/security of the website<\/li>\n<li>Allow you to share pages with social networks like Facebook and others.<\/li>\n<li>Continuously improve our website for your benefit<\/li>\n<li>Technical functionality so we can remember your preferences<\/li>\n<li>Traffic measurement so we know how many people visit our site<\/li>\n<\/ul>\n<p><strong>We do not use cookies for<\/strong><\/p>\n<ul>\n<li>Collecting personally identifiable information (without your explicit authorisation)<\/li>\n<li>Collecting sensitive information (without your explicit permission)<\/li>\n<li>Disclosing personally identifiable data to third parties<\/li>\n<\/ul>\n<p><strong>How long cookies are stored for<\/strong><br \/>\nCookies expire on their own, typically after 12-24 months, but they are renewed after each visit to our website.<\/p>\n<p><strong>How to delete cookies<\/strong><br \/>\nSee instructions here: <a href=\"http:\/\/www.minecookies.org\/cookiehandtering\" target=\"_blank\" rel=\"noopener\">http:\/\/www.minecookies.org\/cookiehandtering<\/a><br \/>\nHow to avoid cookies<br \/>\nIf you do not wish to receive cookies, you can block them.<\/p>\n<p>See instructions here: <a href=\"http:\/\/www.minecookies.org\/cookiehandtering\" target=\"_blank\" rel=\"noopener\">http:\/\/www.minecookies.org\/cookiehandtering<\/a><\/p>\n<p><strong>Third-party cookies<\/strong><br \/>\nOur website includes functionality provided by third parties. A common example is an embedded Vimeo video. Our website contains one or more of the following, which use cookies:<\/p>\n<ul>\n<li>Google \/ Google Analytics<\/li>\n<li>Facebook<\/li>\n<li>Addthis<\/li>\n<li>Vimeo<\/li>\n<\/ul>","protected":false},"excerpt":{"rendered":"<p>Websitet artisten.dk udbydes af: Dansk Artist Forbund Dronningensgade 68 1420 K\u00f8benhavn K Telefon 33 32 66 77 artisten@artisten.dk Dette website anvender cookies for at bidrage til at give dig den bedste oplevelse, vi kan. Cookies er sm\u00e5 tekstfiler, der placeres p\u00e5 din computer eller mobiltelefon, n\u00e5r du bes\u00f8ger websites. Der er ingen personlige oplysninger gemt [&hellip;]<\/p>","protected":false},"author":1,"featured_media":0,"parent":0,"menu_order":0,"comment_status":"closed","ping_status":"open","template":"","meta":{"_acf_changed":false,"footnotes":""},"class_list":["post-3","page","type-page","status-publish","hentry"],"acf":[],"yoast_head":"<!-- This site is optimized with the Yoast SEO plugin v25.1 - https:\/\/yoast.com\/wordpress\/plugins\/seo\/ -->\n<title>Cookiepolitik - Dansk Artist Forbund<\/title>\n<meta name=\"robots\" content=\"noindex, follow, max-snippet:-1, max-image-preview:large, max-video-preview:-1\" \/>\n<meta property=\"og:locale\" content=\"en_GB\" \/>\n<meta property=\"og:type\" content=\"article\" \/>\n<meta property=\"og:title\" content=\"Cookiepolitik - Dansk Artist Forbund\" \/>\n<meta property=\"og:description\" content=\"Websitet artisten.dk udbydes af: Dansk Artist Forbund Dronningensgade 68 1420 K\u00f8benhavn K Telefon 33 32 66 77 artisten@artisten.dk Dette website anvender cookies for at bidrage til at give dig den bedste oplevelse, vi kan. Cookies er sm\u00e5 tekstfiler, der placeres p\u00e5 din computer eller mobiltelefon, n\u00e5r du bes\u00f8ger websites. Der er ingen personlige oplysninger gemt [&hellip;]\" \/>\n<meta property=\"og:url\" content=\"https:\/\/dafstaging.demo.supertusch.com\/en\/cookie-policy\/\" \/>\n<meta property=\"og:site_name\" content=\"Dansk Artist Forbund\" \/>\n<meta property=\"article:modified_time\" content=\"2023-10-17T07:24:01+00:00\" \/>\n<meta name=\"twitter:card\" content=\"summary_large_image\" \/>\n<meta name=\"twitter:label1\" content=\"Estimated reading time\" \/>\n\t<meta name=\"twitter:data1\" content=\"1 minute\" \/>\n<script type=\"application\/ld+json\" class=\"yoast-schema-graph\">{\"@context\":\"https:\/\/schema.org\",\"@graph\":[{\"@type\":\"WebPage\",\"@id\":\"https:\/\/dafstaging.demo.supertusch.com\/cookiepolitik\/\",\"url\":\"https:\/\/dafstaging.demo.supertusch.com\/cookiepolitik\/\",\"name\":\"Cookiepolitik - Dansk Artist Forbund\",\"isPartOf\":{\"@id\":\"https:\/\/dafstaging.demo.supertusch.com\/#website\"},\"datePublished\":\"2023-10-13T07:32:50+00:00\",\"dateModified\":\"2023-10-17T07:24:01+00:00\",\"inLanguage\":\"en-GB\",\"potentialAction\":[{\"@type\":\"ReadAction\",\"target\":[\"https:\/\/dafstaging.demo.supertusch.com\/cookiepolitik\/\"]}]},{\"@type\":\"WebSite\",\"@id\":\"https:\/\/dafstaging.demo.supertusch.com\/#website\",\"url\":\"https:\/\/dafstaging.demo.supertusch.com\/\",\"name\":\"Dansk Artist Forbund\",\"description\":\"\",\"publisher\":{\"@id\":\"https:\/\/dafstaging.demo.supertusch.com\/#organization\"},\"potentialAction\":[{\"@type\":\"SearchAction\",\"target\":{\"@type\":\"EntryPoint\",\"urlTemplate\":\"https:\/\/dafstaging.demo.supertusch.com\/?s={search_term_string}\"},\"query-input\":{\"@type\":\"PropertyValueSpecification\",\"valueRequired\":true,\"valueName\":\"search_term_string\"}}],\"inLanguage\":\"en-GB\"},{\"@type\":\"Organization\",\"@id\":\"https:\/\/dafstaging.demo.supertusch.com\/#organization\",\"name\":\"Dansk Artist Forbund\",\"url\":\"https:\/\/dafstaging.demo.supertusch.com\/\",\"logo\":{\"@type\":\"ImageObject\",\"inLanguage\":\"en-GB\",\"@id\":\"https:\/\/dafstaging.demo.supertusch.com\/#\/schema\/logo\/image\/\",\"url\":\"https:\/\/dafstaging.demo.supertusch.com\/wp-content\/uploads\/2023\/10\/NAVNETRAEK_FOOTER.jpg\",\"contentUrl\":\"https:\/\/dafstaging.demo.supertusch.com\/wp-content\/uploads\/2023\/10\/NAVNETRAEK_FOOTER.jpg\",\"width\":148,\"height\":100,\"caption\":\"Dansk Artist Forbund\"},\"image\":{\"@id\":\"https:\/\/dafstaging.demo.supertusch.com\/#\/schema\/logo\/image\/\"}}]}<\/script>\n<!-- \/ Yoast SEO plugin. -->","yoast_head_json":{"title":"Cookiepolitik - Dansk Artist Forbund","robots":{"index":"noindex","follow":"follow","max-snippet":"max-snippet:-1","max-image-preview":"max-image-preview:large","max-video-preview":"max-video-preview:-1"},"og_locale":"en_GB","og_type":"article","og_title":"Cookiepolitik - Dansk Artist Forbund","og_description":"Websitet artisten.dk udbydes af: Dansk Artist Forbund Dronningensgade 68 1420 K\u00f8benhavn K Telefon 33 32 66 77 artisten@artisten.dk Dette website anvender cookies for at bidrage til at give dig den bedste oplevelse, vi kan. Cookies er sm\u00e5 tekstfiler, der placeres p\u00e5 din computer eller mobiltelefon, n\u00e5r du bes\u00f8ger websites. Der er ingen personlige oplysninger gemt [&hellip;]","og_url":"https:\/\/dafstaging.demo.supertusch.com\/en\/cookie-policy\/","og_site_name":"Dansk Artist Forbund","article_modified_time":"2023-10-17T07:24:01+00:00","twitter_card":"summary_large_image","twitter_misc":{"Estimated reading time":"1 minute"},"schema":{"@context":"https:\/\/schema.org","@graph":[{"@type":"WebPage","@id":"https:\/\/dafstaging.demo.supertusch.com\/cookiepolitik\/","url":"https:\/\/dafstaging.demo.supertusch.com\/cookiepolitik\/","name":"Cookiepolitik - Dansk Artist Forbund","isPartOf":{"@id":"https:\/\/dafstaging.demo.supertusch.com\/#website"},"datePublished":"2023-10-13T07:32:50+00:00","dateModified":"2023-10-17T07:24:01+00:00","inLanguage":"en-GB","potentialAction":[{"@type":"ReadAction","target":["https:\/\/dafstaging.demo.supertusch.com\/cookiepolitik\/"]}]},{"@type":"WebSite","@id":"https:\/\/dafstaging.demo.supertusch.com\/#website","url":"https:\/\/dafstaging.demo.supertusch.com\/","name":"Dansk Artist Forbund","description":"","publisher":{"@id":"https:\/\/dafstaging.demo.supertusch.com\/#organization"},"potentialAction":[{"@type":"SearchAction","target":{"@type":"EntryPoint","urlTemplate":"https:\/\/dafstaging.demo.supertusch.com\/?s={search_term_string}"},"query-input":{"@type":"PropertyValueSpecification","valueRequired":true,"valueName":"search_term_string"}}],"inLanguage":"en-GB"},{"@type":"Organization","@id":"https:\/\/dafstaging.demo.supertusch.com\/#organization","name":"Dansk Artist Forbund","url":"https:\/\/dafstaging.demo.supertusch.com\/","logo":{"@type":"ImageObject","inLanguage":"en-GB","@id":"https:\/\/dafstaging.demo.supertusch.com\/#\/schema\/logo\/image\/","url":"https:\/\/dafstaging.demo.supertusch.com\/wp-content\/uploads\/2023\/10\/NAVNETRAEK_FOOTER.jpg","contentUrl":"https:\/\/dafstaging.demo.supertusch.com\/wp-content\/uploads\/2023\/10\/NAVNETRAEK_FOOTER.jpg","width":148,"height":100,"caption":"Dansk Artist Forbund"},"image":{"@id":"https:\/\/dafstaging.demo.supertusch.com\/#\/schema\/logo\/image\/"}}]}},"_links":{"self":[{"href":"https:\/\/dafstaging.demo.supertusch.com\/en\/wp-json\/wp\/v2\/pages\/3","targetHints":{"allow":["GET"]}}],"collection":[{"href":"https:\/\/dafstaging.demo.supertusch.com\/en\/wp-json\/wp\/v2\/pages"}],"about":[{"href":"https:\/\/dafstaging.demo.supertusch.com\/en\/wp-json\/wp\/v2\/types\/page"}],"author":[{"embeddable":true,"href":"https:\/\/dafstaging.demo.supertusch.com\/en\/wp-json\/wp\/v2\/users\/1"}],"replies":[{"embeddable":true,"href":"https:\/\/dafstaging.demo.supertusch.com\/en\/wp-json\/wp\/v2\/comments?post=3"}],"version-history":[{"count":3,"href":"https:\/\/dafstaging.demo.supertusch.com\/en\/wp-json\/wp\/v2\/pages\/3\/revisions"}],"predecessor-version":[{"id":122,"href":"https:\/\/dafstaging.demo.supertusch.com\/en\/wp-json\/wp\/v2\/pages\/3\/revisions\/122"}],"wp:attachment":[{"href":"https:\/\/dafstaging.demo.supertusch.com\/en\/wp-json\/wp\/v2\/media?parent=3"}],"curies":[{"name":"wp","href":"https:\/\/api.w.org\/{rel}","templated":true}]}}